{"id":12786,"date":"2020-06-04T16:44:21","date_gmt":"2020-06-04T14:44:21","guid":{"rendered":"https:\/\/www.kopa.si\/geschaeftsbedingungen\/"},"modified":"2020-06-04T16:44:21","modified_gmt":"2020-06-04T14:44:21","slug":"geschaeftsbedingungen","status":"publish","type":"page","link":"https:\/\/www.kopa.si\/de\/geschaeftsbedingungen\/","title":{"rendered":"Gesch\u00e4ftsbedingungen"},"content":{"rendered":"<p>Dokumente, die auf der Website von KOPA d.d. ver\u00f6ffentlicht sind, d\u00fcrfen nur zu nicht kommerziellen Zwecken reproduziert werden, wobei alle angegebenen Urheberrechts-Hinweise erhalten bleiben m\u00fcssen, und sie d\u00fcrfen daher nicht kopiert, vervielf\u00e4ltigt oder auf andere Weise verbreitet werden.<\/p>\n<p>KOPA d.d. wird sich bem\u00fchen, die genauesten und aktuellsten Daten auf dieser Website bereitzustellen, jedoch \u00fcbernimmt KOPA d.d. keine Garantien bez\u00fcglich ihrer Genauigkeit. Alle Nutzer verwenden den ver\u00f6ffentlichten Inhalt auf eigenes Risiko. Weder KOPA d.d. noch irgendeine andere juristische oder nat\u00fcrliche Person, die an der Erstellung dieser Websites beteiligt war, haften f\u00fcr Sch\u00e4den, die aus dem Zugang, der Nutzung oder der Unm\u00f6glichkeit der Nutzung der Informationen auf diesen Websites entstehen, oder f\u00fcr Fehler oder M\u00e4ngel im Inhalt.<\/p>\n<p>Copyright \u00a9 2020 KOPA d.d. Alle Rechte vorbehalten.<\/p>\n","protected":false},"excerpt":{"rendered":"<p>Dokumente, die auf der Website von KOPA d.d. ver\u00f6ffentlicht sind, d\u00fcrfen nur zu nicht kommerziellen&#8230;<\/p>\n","protected":false},"author":4,"featured_media":12787,"parent":0,"menu_order":0,"comment_status":"closed","ping_status":"closed","template":"","meta":{"_acf_changed":false,"footnotes":""},"class_list":["post-12786","page","type-page","status-publish","has-post-thumbnail","hentry"],"acf":[],"yoast_head":"<!-- This site is optimized with the Yoast SEO plugin v26.1.1 - https:\/\/yoast.com\/wordpress\/plugins\/seo\/ -->\n<title>Gesch\u00e4ftsbedingungen - Kopa<\/title>\n<meta name=\"robots\" content=\"index, follow, max-snippet:-1, max-image-preview:large, max-video-preview:-1\" \/>\n<link rel=\"canonical\" href=\"https:\/\/www.kopa.si\/de\/geschaeftsbedingungen\/\" \/>\n<meta property=\"og:locale\" content=\"de_DE\" \/>\n<meta property=\"og:type\" content=\"article\" \/>\n<meta property=\"og:title\" content=\"Gesch\u00e4ftsbedingungen - Kopa\" \/>\n<meta property=\"og:description\" content=\"Dokumente, die auf der Website von KOPA d.d. ver\u00f6ffentlicht sind, d\u00fcrfen nur zu nicht kommerziellen...\" \/>\n<meta property=\"og:url\" content=\"https:\/\/www.kopa.si\/de\/geschaeftsbedingungen\/\" \/>\n<meta property=\"og:site_name\" content=\"Kopa\" \/>\n<meta property=\"article:publisher\" content=\"https:\/\/www.facebook.com\/KOPAsolutions\" \/>\n<meta property=\"og:image\" content=\"https:\/\/www.kopa.si\/wp-content\/uploads\/2020\/10\/Pogoji-poslovanja.png\" \/>\n\t<meta property=\"og:image:width\" content=\"960\" \/>\n\t<meta property=\"og:image:height\" content=\"690\" \/>\n\t<meta property=\"og:image:type\" content=\"image\/png\" \/>\n<meta name=\"twitter:card\" content=\"summary_large_image\" \/>\n<meta name=\"twitter:label1\" content=\"Gesch\u00e4tzte Lesezeit\" \/>\n\t<meta name=\"twitter:data1\" content=\"1\u00a0Minute\" \/>\n<script type=\"application\/ld+json\" class=\"yoast-schema-graph\">{\"@context\":\"https:\/\/schema.org\",\"@graph\":[{\"@type\":\"WebPage\",\"@id\":\"https:\/\/www.kopa.si\/de\/geschaeftsbedingungen\/\",\"url\":\"https:\/\/www.kopa.si\/de\/geschaeftsbedingungen\/\",\"name\":\"Gesch\u00e4ftsbedingungen - Kopa\",\"isPartOf\":{\"@id\":\"https:\/\/www.kopa.si\/#website\"},\"primaryImageOfPage\":{\"@id\":\"https:\/\/www.kopa.si\/de\/geschaeftsbedingungen\/#primaryimage\"},\"image\":{\"@id\":\"https:\/\/www.kopa.si\/de\/geschaeftsbedingungen\/#primaryimage\"},\"thumbnailUrl\":\"https:\/\/www.kopa.si\/wp-content\/uploads\/2020\/10\/Pogoji-poslovanja.png\",\"datePublished\":\"2020-06-04T14:44:21+00:00\",\"breadcrumb\":{\"@id\":\"https:\/\/www.kopa.si\/de\/geschaeftsbedingungen\/#breadcrumb\"},\"inLanguage\":\"de\",\"potentialAction\":[{\"@type\":\"ReadAction\",\"target\":[\"https:\/\/www.kopa.si\/de\/geschaeftsbedingungen\/\"]}]},{\"@type\":\"ImageObject\",\"inLanguage\":\"de\",\"@id\":\"https:\/\/www.kopa.si\/de\/geschaeftsbedingungen\/#primaryimage\",\"url\":\"https:\/\/www.kopa.si\/wp-content\/uploads\/2020\/10\/Pogoji-poslovanja.png\",\"contentUrl\":\"https:\/\/www.kopa.si\/wp-content\/uploads\/2020\/10\/Pogoji-poslovanja.png\",\"width\":960,\"height\":690,\"caption\":\"Pogoji poslovanja\"},{\"@type\":\"BreadcrumbList\",\"@id\":\"https:\/\/www.kopa.si\/de\/geschaeftsbedingungen\/#breadcrumb\",\"itemListElement\":[{\"@type\":\"ListItem\",\"position\":1,\"name\":\"Home\",\"item\":\"https:\/\/www.kopa.si\/\"},{\"@type\":\"ListItem\",\"position\":2,\"name\":\"Gesch\u00e4ftsbedingungen\"}]},{\"@type\":\"WebSite\",\"@id\":\"https:\/\/www.kopa.si\/#website\",\"url\":\"https:\/\/www.kopa.si\/\",\"name\":\"Kopa\",\"description\":\"Hi\u0161a bistrih re\u0161itev\",\"publisher\":{\"@id\":\"https:\/\/www.kopa.si\/#organization\"},\"potentialAction\":[{\"@type\":\"SearchAction\",\"target\":{\"@type\":\"EntryPoint\",\"urlTemplate\":\"https:\/\/www.kopa.si\/?s={search_term_string}\"},\"query-input\":{\"@type\":\"PropertyValueSpecification\",\"valueRequired\":true,\"valueName\":\"search_term_string\"}}],\"inLanguage\":\"de\"},{\"@type\":\"Organization\",\"@id\":\"https:\/\/www.kopa.si\/#organization\",\"name\":\"Kopa d.d.\",\"alternateName\":\"Kopa\",\"url\":\"https:\/\/www.kopa.si\/\",\"logo\":{\"@type\":\"ImageObject\",\"inLanguage\":\"de\",\"@id\":\"https:\/\/www.kopa.si\/#\/schema\/logo\/image\/\",\"url\":\"https:\/\/www.kopa.si\/wp-content\/uploads\/2024\/11\/kopa_logo_transparent_background.png\",\"contentUrl\":\"https:\/\/www.kopa.si\/wp-content\/uploads\/2024\/11\/kopa_logo_transparent_background.png\",\"width\":250,\"height\":206,\"caption\":\"Kopa d.d.\"},\"image\":{\"@id\":\"https:\/\/www.kopa.si\/#\/schema\/logo\/image\/\"},\"sameAs\":[\"https:\/\/www.facebook.com\/KOPAsolutions\",\"https:\/\/www.instagram.com\/kopa.dd\/\",\"https:\/\/si.linkedin.com\/company\/kopa-dd\",\"https:\/\/www.youtube.com\/@koparacunalniskiinzeniring5112\"]}]}<\/script>\n<!-- \/ Yoast SEO plugin. -->","yoast_head_json":{"title":"Gesch\u00e4ftsbedingungen - Kopa","robots":{"index":"index","follow":"follow","max-snippet":"max-snippet:-1","max-image-preview":"max-image-preview:large","max-video-preview":"max-video-preview:-1"},"canonical":"https:\/\/www.kopa.si\/de\/geschaeftsbedingungen\/","og_locale":"de_DE","og_type":"article","og_title":"Gesch\u00e4ftsbedingungen - Kopa","og_description":"Dokumente, die auf der Website von KOPA d.d. ver\u00f6ffentlicht sind, d\u00fcrfen nur zu nicht kommerziellen...","og_url":"https:\/\/www.kopa.si\/de\/geschaeftsbedingungen\/","og_site_name":"Kopa","article_publisher":"https:\/\/www.facebook.com\/KOPAsolutions","og_image":[{"width":960,"height":690,"url":"https:\/\/www.kopa.si\/wp-content\/uploads\/2020\/10\/Pogoji-poslovanja.png","type":"image\/png"}],"twitter_card":"summary_large_image","twitter_misc":{"Gesch\u00e4tzte Lesezeit":"1\u00a0Minute"},"schema":{"@context":"https:\/\/schema.org","@graph":[{"@type":"WebPage","@id":"https:\/\/www.kopa.si\/de\/geschaeftsbedingungen\/","url":"https:\/\/www.kopa.si\/de\/geschaeftsbedingungen\/","name":"Gesch\u00e4ftsbedingungen - Kopa","isPartOf":{"@id":"https:\/\/www.kopa.si\/#website"},"primaryImageOfPage":{"@id":"https:\/\/www.kopa.si\/de\/geschaeftsbedingungen\/#primaryimage"},"image":{"@id":"https:\/\/www.kopa.si\/de\/geschaeftsbedingungen\/#primaryimage"},"thumbnailUrl":"https:\/\/www.kopa.si\/wp-content\/uploads\/2020\/10\/Pogoji-poslovanja.png","datePublished":"2020-06-04T14:44:21+00:00","breadcrumb":{"@id":"https:\/\/www.kopa.si\/de\/geschaeftsbedingungen\/#breadcrumb"},"inLanguage":"de","potentialAction":[{"@type":"ReadAction","target":["https:\/\/www.kopa.si\/de\/geschaeftsbedingungen\/"]}]},{"@type":"ImageObject","inLanguage":"de","@id":"https:\/\/www.kopa.si\/de\/geschaeftsbedingungen\/#primaryimage","url":"https:\/\/www.kopa.si\/wp-content\/uploads\/2020\/10\/Pogoji-poslovanja.png","contentUrl":"https:\/\/www.kopa.si\/wp-content\/uploads\/2020\/10\/Pogoji-poslovanja.png","width":960,"height":690,"caption":"Pogoji poslovanja"},{"@type":"BreadcrumbList","@id":"https:\/\/www.kopa.si\/de\/geschaeftsbedingungen\/#breadcrumb","itemListElement":[{"@type":"ListItem","position":1,"name":"Home","item":"https:\/\/www.kopa.si\/"},{"@type":"ListItem","position":2,"name":"Gesch\u00e4ftsbedingungen"}]},{"@type":"WebSite","@id":"https:\/\/www.kopa.si\/#website","url":"https:\/\/www.kopa.si\/","name":"Kopa","description":"Hi\u0161a bistrih re\u0161itev","publisher":{"@id":"https:\/\/www.kopa.si\/#organization"},"potentialAction":[{"@type":"SearchAction","target":{"@type":"EntryPoint","urlTemplate":"https:\/\/www.kopa.si\/?s={search_term_string}"},"query-input":{"@type":"PropertyValueSpecification","valueRequired":true,"valueName":"search_term_string"}}],"inLanguage":"de"},{"@type":"Organization","@id":"https:\/\/www.kopa.si\/#organization","name":"Kopa d.d.","alternateName":"Kopa","url":"https:\/\/www.kopa.si\/","logo":{"@type":"ImageObject","inLanguage":"de","@id":"https:\/\/www.kopa.si\/#\/schema\/logo\/image\/","url":"https:\/\/www.kopa.si\/wp-content\/uploads\/2024\/11\/kopa_logo_transparent_background.png","contentUrl":"https:\/\/www.kopa.si\/wp-content\/uploads\/2024\/11\/kopa_logo_transparent_background.png","width":250,"height":206,"caption":"Kopa d.d."},"image":{"@id":"https:\/\/www.kopa.si\/#\/schema\/logo\/image\/"},"sameAs":["https:\/\/www.facebook.com\/KOPAsolutions","https:\/\/www.instagram.com\/kopa.dd\/","https:\/\/si.linkedin.com\/company\/kopa-dd","https:\/\/www.youtube.com\/@koparacunalniskiinzeniring5112"]}]}},"_links":{"self":[{"href":"https:\/\/www.kopa.si\/de\/wp-json\/wp\/v2\/pages\/12786","targetHints":{"allow":["GET"]}}],"collection":[{"href":"https:\/\/www.kopa.si\/de\/wp-json\/wp\/v2\/pages"}],"about":[{"href":"https:\/\/www.kopa.si\/de\/wp-json\/wp\/v2\/types\/page"}],"author":[{"embeddable":true,"href":"https:\/\/www.kopa.si\/de\/wp-json\/wp\/v2\/users\/4"}],"replies":[{"embeddable":true,"href":"https:\/\/www.kopa.si\/de\/wp-json\/wp\/v2\/comments?post=12786"}],"version-history":[{"count":0,"href":"https:\/\/www.kopa.si\/de\/wp-json\/wp\/v2\/pages\/12786\/revisions"}],"wp:featuredmedia":[{"embeddable":true,"href":"https:\/\/www.kopa.si\/de\/wp-json\/wp\/v2\/media\/12787"}],"wp:attachment":[{"href":"https:\/\/www.kopa.si\/de\/wp-json\/wp\/v2\/media?parent=12786"}],"curies":[{"name":"wp","href":"https:\/\/api.w.org\/{rel}","templated":true}]}}