{"id":12793,"date":"2023-12-15T09:40:14","date_gmt":"2023-12-15T08:40:14","guid":{"rendered":"https:\/\/www.kopa.si\/verhaltensregel-fuer-den-schutz-von-whistleblowern\/"},"modified":"2024-12-10T13:24:36","modified_gmt":"2024-12-10T12:24:36","slug":"verhaltensregel-fuer-den-schutz-von-whistleblowern","status":"publish","type":"page","link":"https:\/\/www.kopa.si\/de\/verhaltensregel-fuer-den-schutz-von-whistleblowern\/","title":{"rendered":"Verhaltensregel f\u00fcr den Schutz von Whistleblowern"},"content":{"rendered":"\t\t<div data-elementor-type=\"wp-page\" data-elementor-id=\"12793\" class=\"elementor elementor-12793 elementor-8935\" data-elementor-post-type=\"page\">\n\t\t\t\t\t\t<section class=\"elementor-section elementor-top-section elementor-element elementor-element-65f8432 elementor-section-boxed elementor-section-height-default elementor-section-height-default\" data-id=\"65f8432\" data-element_type=\"section\">\n\t\t\t\t\t\t<div class=\"elementor-container elementor-column-gap-default\">\n\t\t\t\t\t<div class=\"elementor-column elementor-col-100 elementor-top-column elementor-element elementor-element-be45420\" data-id=\"be45420\" data-element_type=\"column\">\n\t\t\t<div class=\"elementor-widget-wrap elementor-element-populated\">\n\t\t\t\t\t\t<div class=\"elementor-element elementor-element-edbb910 elementor-widget elementor-widget-text-editor\" data-id=\"edbb910\" data-element_type=\"widget\" data-widget_type=\"text-editor.default\">\n\t\t\t\t<div class=\"elementor-widget-container\">\n\t\t\t\t\t\t\t\t\t<p>Das Gesetz zum Schutz von Whistleblowern (Amtsblatt RS, Nr. 16\/23; im Folgenden: ZZPri), das am 22. Februar 2023 in Kraft trat, regelt umfassend und systematisch die Meldung und Bearbeitung von Verst\u00f6\u00dfen, die im Arbeitsumfeld festgestellt wurden, sowie den Schutz von Whistleblowern im Falle von Repressalien des Arbeitgebers.<\/p>\n<p>Das Gesetz f\u00fchrt ein System zur Einrichtung interner und externer Wege zur Meldung von Verst\u00f6\u00dfen gegen alle in der Republik Slowenien geltenden Vorschriften ein, von denen Einzelpersonen im Rahmen ihrer Arbeitsumgebung Kenntnis erlangen, sowie Schutz- und Unterst\u00fctzungsma\u00dfnahmen zur Verhinderung oder Beseitigung von Repressalien, die Whistleblowern aufgrund der Meldung dieser Verst\u00f6\u00dfe widerfahren k\u00f6nnten.<\/p>\n\t\t\t\t\t\t\t\t<\/div>\n\t\t\t\t<\/div>\n\t\t\t\t\t<\/div>\n\t\t<\/div>\n\t\t\t\t\t<\/div>\n\t\t<\/section>\n\t\t\t\t<section class=\"elementor-section elementor-top-section elementor-element elementor-element-391e76a elementor-section-boxed elementor-section-height-default elementor-section-height-default\" data-id=\"391e76a\" data-element_type=\"section\">\n\t\t\t\t\t\t<div class=\"elementor-container elementor-column-gap-default\">\n\t\t\t\t\t<div class=\"elementor-column elementor-col-100 elementor-top-column elementor-element elementor-element-40e8e3f\" data-id=\"40e8e3f\" data-element_type=\"column\">\n\t\t\t<div class=\"elementor-widget-wrap elementor-element-populated\">\n\t\t\t\t\t\t<div class=\"elementor-element elementor-element-cd18896 elementor-widget elementor-widget-heading\" data-id=\"cd18896\" data-element_type=\"widget\" data-widget_type=\"heading.default\">\n\t\t\t\t<div class=\"elementor-widget-container\">\n\t\t\t\t\t<h2 class=\"elementor-heading-title elementor-size-default\">Wer ist ein Whistleblower, der gem\u00e4\u00df ZZPri gesch\u00fctzt ist?<\/h2>\t\t\t\t<\/div>\n\t\t\t\t<\/div>\n\t\t\t\t<div class=\"elementor-element elementor-element-8015b41 elementor-widget elementor-widget-text-editor\" data-id=\"8015b41\" data-element_type=\"widget\" data-widget_type=\"text-editor.default\">\n\t\t\t\t<div class=\"elementor-widget-container\">\n\t\t\t\t\t\t\t\t\t<p>in Whistleblower ist eine nat\u00fcrliche Person, die Informationen \u00fcber einen Versto\u00df meldet oder \u00f6ffentlich offenlegt, die sie in ihrem Arbeitsumfeld erhalten hat.<br \/>\nDas Arbeitsumfeld ist das aktuelle oder fr\u00fchere Arbeitsverh\u00e4ltnis sowie \u00e4hnliche Beziehungen im privaten oder \u00f6ffentlichen Sektor, in denen eine Person Informationen \u00fcber einen Versto\u00df erhalten hat und in denen diese Person Repressalien erleiden k\u00f6nnte, wenn sie einen solchen Versto\u00df meldet.<br \/>\nDas Arbeitsverh\u00e4ltnis und \u00e4hnliche Beziehungen umfassen das Arbeitsverh\u00e4ltnis sowie auch Verh\u00e4ltnisse au\u00dferhalb des Arbeitsverh\u00e4ltnisses, wie freiwillige Arbeit, Praktika, Lehre, Vertragsarbeit, Studentenarbeit, die Teilnahme an Ausschreibungsverfahren als Bewerber, die Aus\u00fcbung von Funktionen, die Wahrnehmung von Rechten, Aufgaben und Befugnissen eines Aktion\u00e4rs, eines Mitglieds eines Aufsichtsrats oder Vorstands eines Unternehmens sowie jede andere Beteiligung an den Aktivit\u00e4ten von juristischen oder nat\u00fcrlichen Personen, die von Selbst\u00e4ndigen auf Basis eines Vertrages durchgef\u00fchrt werden, oder Arbeit unter der Aufsicht und Leitung von externen Auftragnehmern, Subunternehmern oder Lieferanten, unabh\u00e4ngig von der Bezahlung und ungeachtet dessen, ob die Beziehung bereits beendet wurde oder durch den Einstellungsprozess oder durch Verhandlungen vor der Vertragsunterzeichnung neu hergestellt wird.<br \/>\nEin Whistleblower hat Anspruch auf Schutz gem\u00e4\u00df ZZPri, wenn er aufgrund berechtigter Gr\u00fcnde der Meinung war, dass die gemeldeten Informationen \u00fcber Verst\u00f6\u00dfe bei der Meldung wahr waren und er eine interne Meldung, eine externe Meldung oder die \u00f6ffentliche Offenlegung von Informationen \u00fcber Verst\u00f6\u00dfe gem\u00e4\u00df den Bestimmungen von ZZPri abgegeben hat.<\/p>\n\t\t\t\t\t\t\t\t<\/div>\n\t\t\t\t<\/div>\n\t\t\t\t\t<\/div>\n\t\t<\/div>\n\t\t\t\t\t<\/div>\n\t\t<\/section>\n\t\t\t\t<section class=\"elementor-section elementor-top-section elementor-element elementor-element-8c7b74d elementor-section-boxed elementor-section-height-default elementor-section-height-default\" data-id=\"8c7b74d\" data-element_type=\"section\">\n\t\t\t\t\t\t<div class=\"elementor-container elementor-column-gap-default\">\n\t\t\t\t\t<div class=\"elementor-column elementor-col-100 elementor-top-column elementor-element elementor-element-18646ea\" data-id=\"18646ea\" data-element_type=\"column\">\n\t\t\t<div class=\"elementor-widget-wrap elementor-element-populated\">\n\t\t\t\t\t\t<div class=\"elementor-element elementor-element-99bd2a1 elementor-widget elementor-widget-heading\" data-id=\"99bd2a1\" data-element_type=\"widget\" data-widget_type=\"heading.default\">\n\t\t\t\t<div class=\"elementor-widget-container\">\n\t\t\t\t\t<h2 class=\"elementor-heading-title elementor-size-default\">VERORDNUNG<\/h2>\t\t\t\t<\/div>\n\t\t\t\t<\/div>\n\t\t\t\t<div class=\"elementor-element elementor-element-dbfb8eb elementor-widget elementor-widget-text-editor\" data-id=\"dbfb8eb\" data-element_type=\"widget\" data-widget_type=\"text-editor.default\">\n\t\t\t\t<div class=\"elementor-widget-container\">\n\t\t\t\t\t\t\t\t\t<p>Die Verordnung zur Einrichtung des internen Wegs f\u00fcr die Meldung von Verst\u00f6\u00dfen gegen Vorschriften und den Schutz von Whistleblowern finden Sie unter:<\/p>\n<p><a href=\"https:\/\/odip.kopa.si\/Documents\/Id\/c93d16dc-3a82-4545-b0a9-536fc5c37136\" target=\"_new\" rel=\"noopener\">https:\/\/odip.kopa.si\/Documents\/Id\/c93d16dc-3a82-4545-b0a9-536fc5c37136<\/a><\/p>\n\t\t\t\t\t\t\t\t<\/div>\n\t\t\t\t<\/div>\n\t\t\t\t\t<\/div>\n\t\t<\/div>\n\t\t\t\t\t<\/div>\n\t\t<\/section>\n\t\t\t\t<section class=\"elementor-section elementor-top-section elementor-element elementor-element-021117d elementor-section-boxed elementor-section-height-default elementor-section-height-default\" data-id=\"021117d\" data-element_type=\"section\">\n\t\t\t\t\t\t<div class=\"elementor-container elementor-column-gap-default\">\n\t\t\t\t\t<div class=\"elementor-column elementor-col-100 elementor-top-column elementor-element elementor-element-388258b\" data-id=\"388258b\" data-element_type=\"column\">\n\t\t\t<div class=\"elementor-widget-wrap elementor-element-populated\">\n\t\t\t\t\t\t<div class=\"elementor-element elementor-element-ad03e22 elementor-widget elementor-widget-heading\" data-id=\"ad03e22\" data-element_type=\"widget\" data-widget_type=\"heading.default\">\n\t\t\t\t<div class=\"elementor-widget-container\">\n\t\t\t\t\t<h2 class=\"elementor-heading-title elementor-size-default\">MELDUNG<\/h2>\t\t\t\t<\/div>\n\t\t\t\t<\/div>\n\t\t\t\t<div class=\"elementor-element elementor-element-d6afb68 elementor-widget elementor-widget-text-editor\" data-id=\"d6afb68\" data-element_type=\"widget\" data-widget_type=\"text-editor.default\">\n\t\t\t\t<div class=\"elementor-widget-container\">\n\t\t\t\t\t\t\t\t\t<p>Meldungen k\u00f6nnen \u00fcber das Formular abgegeben werden, das Sie unter folgendem Link finden:<\/p>\n<p><a href=\"https:\/\/odip.kopa.si\/Documents\/Id\/e2dbe20b-2dc1-4638-9449-5b9fab35a409\" target=\"_new\" rel=\"noopener\">https:\/\/odip.kopa.si\/Documents\/Id\/e2dbe20b-2dc1-4638-9449-5b9fab35a409<\/a><\/p>\n<p>und auf folgende Weise eingereicht werden:<\/p>\n<p>E-Mail: <a rel=\"noopener\">prijava.krsitve@kopa.si<\/a><br \/>\nPostadresse: KOPA d.d., Kidri\u010deva ulica 14, 2380 Slovenj Gradec mit dem Vermerk &#8222;An den Vertrauensmann f\u00fcr interne Meldungen von Verst\u00f6\u00dfen&#8220;<br \/>\nOder pers\u00f6nlich an den Vertrauensmann.<\/p>\n\t\t\t\t\t\t\t\t<\/div>\n\t\t\t\t<\/div>\n\t\t\t\t\t<\/div>\n\t\t<\/div>\n\t\t\t\t\t<\/div>\n\t\t<\/section>\n\t\t\t\t<\/div>\n\t\t","protected":false},"excerpt":{"rendered":"<p>Das Gesetz zum Schutz von Whistleblowern (Amtsblatt RS, Nr. 16\/23; im Folgenden: ZZPri), das am&#8230;<\/p>\n","protected":false},"author":6,"featured_media":12794,"parent":0,"menu_order":0,"comment_status":"closed","ping_status":"closed","template":"","meta":{"_acf_changed":false,"footnotes":""},"class_list":["post-12793","page","type-page","status-publish","has-post-thumbnail","hentry"],"acf":[],"yoast_head":"<!-- This site is optimized with the Yoast SEO plugin v26.1.1 - https:\/\/yoast.com\/wordpress\/plugins\/seo\/ -->\n<title>Verhaltensregel f\u00fcr den Schutz von Whistleblowern - Kopa<\/title>\n<meta name=\"robots\" content=\"index, follow, max-snippet:-1, max-image-preview:large, max-video-preview:-1\" \/>\n<link rel=\"canonical\" href=\"https:\/\/www.kopa.si\/de\/verhaltensregel-fuer-den-schutz-von-whistleblowern\/\" \/>\n<meta property=\"og:locale\" content=\"de_DE\" \/>\n<meta property=\"og:type\" content=\"article\" \/>\n<meta property=\"og:title\" content=\"Verhaltensregel f\u00fcr den Schutz von Whistleblowern - Kopa\" \/>\n<meta property=\"og:description\" content=\"Das Gesetz zum Schutz von Whistleblowern (Amtsblatt RS, Nr. 16\/23; im Folgenden: ZZPri), das am...\" \/>\n<meta property=\"og:url\" content=\"https:\/\/www.kopa.si\/de\/verhaltensregel-fuer-den-schutz-von-whistleblowern\/\" \/>\n<meta property=\"og:site_name\" content=\"Kopa\" \/>\n<meta property=\"article:publisher\" content=\"https:\/\/www.facebook.com\/KOPAsolutions\" \/>\n<meta property=\"article:modified_time\" content=\"2024-12-10T12:24:36+00:00\" \/>\n<meta property=\"og:image\" content=\"https:\/\/www.kopa.si\/wp-content\/uploads\/2020\/10\/kopa_min.jpeg\" \/>\n\t<meta property=\"og:image:width\" content=\"2500\" \/>\n\t<meta property=\"og:image:height\" content=\"1875\" \/>\n\t<meta property=\"og:image:type\" content=\"image\/jpeg\" \/>\n<meta name=\"twitter:card\" content=\"summary_large_image\" \/>\n<meta name=\"twitter:label1\" content=\"Gesch\u00e4tzte Lesezeit\" \/>\n\t<meta name=\"twitter:data1\" content=\"2\u00a0Minuten\" \/>\n<script type=\"application\/ld+json\" class=\"yoast-schema-graph\">{\"@context\":\"https:\/\/schema.org\",\"@graph\":[{\"@type\":\"WebPage\",\"@id\":\"https:\/\/www.kopa.si\/de\/verhaltensregel-fuer-den-schutz-von-whistleblowern\/\",\"url\":\"https:\/\/www.kopa.si\/de\/verhaltensregel-fuer-den-schutz-von-whistleblowern\/\",\"name\":\"Verhaltensregel f\u00fcr den Schutz von Whistleblowern - Kopa\",\"isPartOf\":{\"@id\":\"https:\/\/www.kopa.si\/#website\"},\"primaryImageOfPage\":{\"@id\":\"https:\/\/www.kopa.si\/de\/verhaltensregel-fuer-den-schutz-von-whistleblowern\/#primaryimage\"},\"image\":{\"@id\":\"https:\/\/www.kopa.si\/de\/verhaltensregel-fuer-den-schutz-von-whistleblowern\/#primaryimage\"},\"thumbnailUrl\":\"https:\/\/www.kopa.si\/wp-content\/uploads\/2020\/10\/kopa_min.jpeg\",\"datePublished\":\"2023-12-15T08:40:14+00:00\",\"dateModified\":\"2024-12-10T12:24:36+00:00\",\"breadcrumb\":{\"@id\":\"https:\/\/www.kopa.si\/de\/verhaltensregel-fuer-den-schutz-von-whistleblowern\/#breadcrumb\"},\"inLanguage\":\"de\",\"potentialAction\":[{\"@type\":\"ReadAction\",\"target\":[\"https:\/\/www.kopa.si\/de\/verhaltensregel-fuer-den-schutz-von-whistleblowern\/\"]}]},{\"@type\":\"ImageObject\",\"inLanguage\":\"de\",\"@id\":\"https:\/\/www.kopa.si\/de\/verhaltensregel-fuer-den-schutz-von-whistleblowern\/#primaryimage\",\"url\":\"https:\/\/www.kopa.si\/wp-content\/uploads\/2020\/10\/kopa_min.jpeg\",\"contentUrl\":\"https:\/\/www.kopa.si\/wp-content\/uploads\/2020\/10\/kopa_min.jpeg\",\"width\":2500,\"height\":1875,\"caption\":\"Kopa d.d.\"},{\"@type\":\"BreadcrumbList\",\"@id\":\"https:\/\/www.kopa.si\/de\/verhaltensregel-fuer-den-schutz-von-whistleblowern\/#breadcrumb\",\"itemListElement\":[{\"@type\":\"ListItem\",\"position\":1,\"name\":\"Home\",\"item\":\"https:\/\/www.kopa.si\/\"},{\"@type\":\"ListItem\",\"position\":2,\"name\":\"Verhaltensregel f\u00fcr den Schutz von Whistleblowern\"}]},{\"@type\":\"WebSite\",\"@id\":\"https:\/\/www.kopa.si\/#website\",\"url\":\"https:\/\/www.kopa.si\/\",\"name\":\"Kopa\",\"description\":\"Hi\u0161a bistrih re\u0161itev\",\"publisher\":{\"@id\":\"https:\/\/www.kopa.si\/#organization\"},\"potentialAction\":[{\"@type\":\"SearchAction\",\"target\":{\"@type\":\"EntryPoint\",\"urlTemplate\":\"https:\/\/www.kopa.si\/?s={search_term_string}\"},\"query-input\":{\"@type\":\"PropertyValueSpecification\",\"valueRequired\":true,\"valueName\":\"search_term_string\"}}],\"inLanguage\":\"de\"},{\"@type\":\"Organization\",\"@id\":\"https:\/\/www.kopa.si\/#organization\",\"name\":\"Kopa d.d.\",\"alternateName\":\"Kopa\",\"url\":\"https:\/\/www.kopa.si\/\",\"logo\":{\"@type\":\"ImageObject\",\"inLanguage\":\"de\",\"@id\":\"https:\/\/www.kopa.si\/#\/schema\/logo\/image\/\",\"url\":\"https:\/\/www.kopa.si\/wp-content\/uploads\/2024\/11\/kopa_logo_transparent_background.png\",\"contentUrl\":\"https:\/\/www.kopa.si\/wp-content\/uploads\/2024\/11\/kopa_logo_transparent_background.png\",\"width\":250,\"height\":206,\"caption\":\"Kopa d.d.\"},\"image\":{\"@id\":\"https:\/\/www.kopa.si\/#\/schema\/logo\/image\/\"},\"sameAs\":[\"https:\/\/www.facebook.com\/KOPAsolutions\",\"https:\/\/www.instagram.com\/kopa.dd\/\",\"https:\/\/si.linkedin.com\/company\/kopa-dd\",\"https:\/\/www.youtube.com\/@koparacunalniskiinzeniring5112\"]}]}<\/script>\n<!-- \/ Yoast SEO plugin. -->","yoast_head_json":{"title":"Verhaltensregel f\u00fcr den Schutz von Whistleblowern - Kopa","robots":{"index":"index","follow":"follow","max-snippet":"max-snippet:-1","max-image-preview":"max-image-preview:large","max-video-preview":"max-video-preview:-1"},"canonical":"https:\/\/www.kopa.si\/de\/verhaltensregel-fuer-den-schutz-von-whistleblowern\/","og_locale":"de_DE","og_type":"article","og_title":"Verhaltensregel f\u00fcr den Schutz von Whistleblowern - Kopa","og_description":"Das Gesetz zum Schutz von Whistleblowern (Amtsblatt RS, Nr. 16\/23; im Folgenden: ZZPri), das am...","og_url":"https:\/\/www.kopa.si\/de\/verhaltensregel-fuer-den-schutz-von-whistleblowern\/","og_site_name":"Kopa","article_publisher":"https:\/\/www.facebook.com\/KOPAsolutions","article_modified_time":"2024-12-10T12:24:36+00:00","og_image":[{"width":2500,"height":1875,"url":"https:\/\/www.kopa.si\/wp-content\/uploads\/2020\/10\/kopa_min.jpeg","type":"image\/jpeg"}],"twitter_card":"summary_large_image","twitter_misc":{"Gesch\u00e4tzte Lesezeit":"2\u00a0Minuten"},"schema":{"@context":"https:\/\/schema.org","@graph":[{"@type":"WebPage","@id":"https:\/\/www.kopa.si\/de\/verhaltensregel-fuer-den-schutz-von-whistleblowern\/","url":"https:\/\/www.kopa.si\/de\/verhaltensregel-fuer-den-schutz-von-whistleblowern\/","name":"Verhaltensregel f\u00fcr den Schutz von Whistleblowern - Kopa","isPartOf":{"@id":"https:\/\/www.kopa.si\/#website"},"primaryImageOfPage":{"@id":"https:\/\/www.kopa.si\/de\/verhaltensregel-fuer-den-schutz-von-whistleblowern\/#primaryimage"},"image":{"@id":"https:\/\/www.kopa.si\/de\/verhaltensregel-fuer-den-schutz-von-whistleblowern\/#primaryimage"},"thumbnailUrl":"https:\/\/www.kopa.si\/wp-content\/uploads\/2020\/10\/kopa_min.jpeg","datePublished":"2023-12-15T08:40:14+00:00","dateModified":"2024-12-10T12:24:36+00:00","breadcrumb":{"@id":"https:\/\/www.kopa.si\/de\/verhaltensregel-fuer-den-schutz-von-whistleblowern\/#breadcrumb"},"inLanguage":"de","potentialAction":[{"@type":"ReadAction","target":["https:\/\/www.kopa.si\/de\/verhaltensregel-fuer-den-schutz-von-whistleblowern\/"]}]},{"@type":"ImageObject","inLanguage":"de","@id":"https:\/\/www.kopa.si\/de\/verhaltensregel-fuer-den-schutz-von-whistleblowern\/#primaryimage","url":"https:\/\/www.kopa.si\/wp-content\/uploads\/2020\/10\/kopa_min.jpeg","contentUrl":"https:\/\/www.kopa.si\/wp-content\/uploads\/2020\/10\/kopa_min.jpeg","width":2500,"height":1875,"caption":"Kopa d.d."},{"@type":"BreadcrumbList","@id":"https:\/\/www.kopa.si\/de\/verhaltensregel-fuer-den-schutz-von-whistleblowern\/#breadcrumb","itemListElement":[{"@type":"ListItem","position":1,"name":"Home","item":"https:\/\/www.kopa.si\/"},{"@type":"ListItem","position":2,"name":"Verhaltensregel f\u00fcr den Schutz von Whistleblowern"}]},{"@type":"WebSite","@id":"https:\/\/www.kopa.si\/#website","url":"https:\/\/www.kopa.si\/","name":"Kopa","description":"Hi\u0161a bistrih re\u0161itev","publisher":{"@id":"https:\/\/www.kopa.si\/#organization"},"potentialAction":[{"@type":"SearchAction","target":{"@type":"EntryPoint","urlTemplate":"https:\/\/www.kopa.si\/?s={search_term_string}"},"query-input":{"@type":"PropertyValueSpecification","valueRequired":true,"valueName":"search_term_string"}}],"inLanguage":"de"},{"@type":"Organization","@id":"https:\/\/www.kopa.si\/#organization","name":"Kopa d.d.","alternateName":"Kopa","url":"https:\/\/www.kopa.si\/","logo":{"@type":"ImageObject","inLanguage":"de","@id":"https:\/\/www.kopa.si\/#\/schema\/logo\/image\/","url":"https:\/\/www.kopa.si\/wp-content\/uploads\/2024\/11\/kopa_logo_transparent_background.png","contentUrl":"https:\/\/www.kopa.si\/wp-content\/uploads\/2024\/11\/kopa_logo_transparent_background.png","width":250,"height":206,"caption":"Kopa d.d."},"image":{"@id":"https:\/\/www.kopa.si\/#\/schema\/logo\/image\/"},"sameAs":["https:\/\/www.facebook.com\/KOPAsolutions","https:\/\/www.instagram.com\/kopa.dd\/","https:\/\/si.linkedin.com\/company\/kopa-dd","https:\/\/www.youtube.com\/@koparacunalniskiinzeniring5112"]}]}},"_links":{"self":[{"href":"https:\/\/www.kopa.si\/de\/wp-json\/wp\/v2\/pages\/12793","targetHints":{"allow":["GET"]}}],"collection":[{"href":"https:\/\/www.kopa.si\/de\/wp-json\/wp\/v2\/pages"}],"about":[{"href":"https:\/\/www.kopa.si\/de\/wp-json\/wp\/v2\/types\/page"}],"author":[{"embeddable":true,"href":"https:\/\/www.kopa.si\/de\/wp-json\/wp\/v2\/users\/6"}],"replies":[{"embeddable":true,"href":"https:\/\/www.kopa.si\/de\/wp-json\/wp\/v2\/comments?post=12793"}],"version-history":[{"count":1,"href":"https:\/\/www.kopa.si\/de\/wp-json\/wp\/v2\/pages\/12793\/revisions"}],"predecessor-version":[{"id":12795,"href":"https:\/\/www.kopa.si\/de\/wp-json\/wp\/v2\/pages\/12793\/revisions\/12795"}],"wp:featuredmedia":[{"embeddable":true,"href":"https:\/\/www.kopa.si\/de\/wp-json\/wp\/v2\/media\/12794"}],"wp:attachment":[{"href":"https:\/\/www.kopa.si\/de\/wp-json\/wp\/v2\/media?parent=12793"}],"curies":[{"name":"wp","href":"https:\/\/api.w.org\/{rel}","templated":true}]}}