{"id":12782,"date":"2020-06-04T16:44:30","date_gmt":"2020-06-04T14:44:30","guid":{"rendered":"https:\/\/www.kopa.si\/kolacici\/"},"modified":"2020-06-04T16:44:30","modified_gmt":"2020-06-04T14:44:30","slug":"kolacici","status":"publish","type":"page","link":"https:\/\/www.kopa.si\/hr\/kolacici\/","title":{"rendered":"Kola\u010di\u0107i"},"content":{"rendered":"<p>Na\u0161a web stranica koristi kola\u010di\u0107e u svrhu pobolj\u0161anja rada.<\/p>\n<p><strong>\u0160to su kola\u010di\u0107i i za\u0161to su potrebni?<\/strong><br \/>\nKola\u010di\u0107 je podatak o korisniku koji web preglednik pohranjuje na ra\u010dunaru ili drugom elektroni\u010dkom ure\u0111aju radi mogu\u0107nosti daljnje upotrebe. Kao i ve\u0107ina web stranica, nastojimo vam pru\u017eiti bolje, br\u017ee i sigurnije iskustvo pomo\u0107u kola\u010di\u0107a. Pomo\u0107u kola\u010di\u0107a prilago\u0111avamo sadr\u017eaj na na\u0161oj web stranici, pamti se va\u0161e postavke i bilje\u017eimo posjete. Pregledavanje je tako ugodnije, br\u017ee i u\u010dinkovitije.<\/p>\n<p><strong>Onemogu\u0107avanje kola\u010di\u0107a<\/strong><br \/>\nVi odlu\u010dujete ho\u0107ete li dopustiti pohranu kola\u010di\u0107a na va\u0161em ure\u0111aju. Postavke za kola\u010di\u0107e mo\u017eete kontrolirati i mijenjati u svom web pregledniku.<\/p>\n<p>Za informacije o postavkama kola\u010di\u0107a odaberite web preglednik koji koristite:<\/p>\n<p>Chrome<br \/>\nEdge<br \/>\nFirefox<br \/>\nInternet Explorer<br \/>\nOpera<br \/>\nSafari<\/p>\n<p>Ako promijenite ili izbri\u0161ete datoteku s kola\u010di\u0107ima u svom pregledniku, promijenite ili a\u017eurirate svoj preglednik ili ure\u0111aj, mo\u017eda \u0107ete morati ponovo onemogu\u0107iti kola\u010di\u0107e. Postupak za upravljanje i brisanje kola\u010di\u0107a razlikuje se od preglednika do preglednika. Ako vam je potrebna pomo\u0107, mo\u017eete pogledati pomo\u0107 korisnicima u svom pregledniku.<\/p>\n<p>Pra\u0107enje putem Google Analytics tako\u0111er mo\u017eete onemogu\u0107iti na sljede\u0107oj poveznici <a href=\"https:\/\/marketingplatform.google.com\/about\/\" target=\"_new\" rel=\"noopener\">https:\/\/marketingplatform.google.com\/about\/<\/a>.<\/p>\n<p><strong>Koristimo sljede\u0107e kola\u010di\u0107e:<\/strong><br \/>\nIme kola\u010di\u0107a Izvor Potrajnost Svrha<br \/>\n_ga Google Analytics 2 godine Statistika stranice<br \/>\n_gid Google Analytics 30 minuta Statistika stranice<br \/>\n_gat Google Analytics 10 minuta Statistika stranice<br \/>\n_gcl Google Analytics 2 godine Statistika stranice<br \/>\n_fbp Facebook Kraj sesije Reklamiranje<br \/>\n_smVID SumoMe 29 dana Plugin za dru\u0161tvene mre\u017ee<br \/>\nmailerlite:webform:shown MailerLite 30 dana Plugin za popup<br \/>\nPolitika kori\u0161tenja kola\u010di\u0107a vrijedi od 17. 7. 2020. i mo\u017ee se u bilo kojem trenutku promijeniti ili dopuniti.<\/p>\n","protected":false},"excerpt":{"rendered":"<p>Na\u0161a web stranica koristi kola\u010di\u0107e u svrhu pobolj\u0161anja rada. \u0160to su kola\u010di\u0107i i za\u0161to su&#8230;<\/p>\n","protected":false},"author":4,"featured_media":12783,"parent":0,"menu_order":0,"comment_status":"closed","ping_status":"closed","template":"","meta":{"_acf_changed":false,"footnotes":""},"class_list":["post-12782","page","type-page","status-publish","has-post-thumbnail","hentry"],"acf":[],"yoast_head":"<!-- This site is optimized with the Yoast SEO plugin v26.1.1 - https:\/\/yoast.com\/wordpress\/plugins\/seo\/ -->\n<title>Kola\u010di\u0107i - Kopa<\/title>\n<meta name=\"robots\" content=\"index, follow, max-snippet:-1, max-image-preview:large, max-video-preview:-1\" \/>\n<link rel=\"canonical\" href=\"https:\/\/www.kopa.si\/hr\/kolacici\/\" \/>\n<meta property=\"og:locale\" content=\"hr_HR\" \/>\n<meta property=\"og:type\" content=\"article\" \/>\n<meta property=\"og:title\" content=\"Kola\u010di\u0107i - Kopa\" \/>\n<meta property=\"og:description\" content=\"Na\u0161a web stranica koristi kola\u010di\u0107e u svrhu pobolj\u0161anja rada. \u0160to su kola\u010di\u0107i i za\u0161to su...\" \/>\n<meta property=\"og:url\" content=\"https:\/\/www.kopa.si\/hr\/kolacici\/\" \/>\n<meta property=\"og:site_name\" content=\"Kopa\" \/>\n<meta property=\"article:publisher\" content=\"https:\/\/www.facebook.com\/KOPAsolutions\" \/>\n<meta property=\"og:image\" content=\"https:\/\/www.kopa.si\/wp-content\/uploads\/2020\/10\/Piskoti-1024x1024.png\" \/>\n\t<meta property=\"og:image:width\" content=\"1024\" \/>\n\t<meta property=\"og:image:height\" content=\"1024\" \/>\n\t<meta property=\"og:image:type\" content=\"image\/png\" \/>\n<meta name=\"twitter:card\" content=\"summary_large_image\" \/>\n<meta name=\"twitter:label1\" content=\"Procijenjeno vrijeme \u010ditanja\" \/>\n\t<meta name=\"twitter:data1\" content=\"2 minute\" \/>\n<script type=\"application\/ld+json\" class=\"yoast-schema-graph\">{\"@context\":\"https:\/\/schema.org\",\"@graph\":[{\"@type\":\"WebPage\",\"@id\":\"https:\/\/www.kopa.si\/hr\/kolacici\/\",\"url\":\"https:\/\/www.kopa.si\/hr\/kolacici\/\",\"name\":\"Kola\u010di\u0107i - Kopa\",\"isPartOf\":{\"@id\":\"https:\/\/www.kopa.si\/#website\"},\"primaryImageOfPage\":{\"@id\":\"https:\/\/www.kopa.si\/hr\/kolacici\/#primaryimage\"},\"image\":{\"@id\":\"https:\/\/www.kopa.si\/hr\/kolacici\/#primaryimage\"},\"thumbnailUrl\":\"https:\/\/www.kopa.si\/wp-content\/uploads\/2020\/10\/Piskoti.png\",\"datePublished\":\"2020-06-04T14:44:30+00:00\",\"breadcrumb\":{\"@id\":\"https:\/\/www.kopa.si\/hr\/kolacici\/#breadcrumb\"},\"inLanguage\":\"hr\",\"potentialAction\":[{\"@type\":\"ReadAction\",\"target\":[\"https:\/\/www.kopa.si\/hr\/kolacici\/\"]}]},{\"@type\":\"ImageObject\",\"inLanguage\":\"hr\",\"@id\":\"https:\/\/www.kopa.si\/hr\/kolacici\/#primaryimage\",\"url\":\"https:\/\/www.kopa.si\/wp-content\/uploads\/2020\/10\/Piskoti.png\",\"contentUrl\":\"https:\/\/www.kopa.si\/wp-content\/uploads\/2020\/10\/Piskoti.png\",\"width\":1920,\"height\":1380,\"caption\":\"Pi\u0161kotki\"},{\"@type\":\"BreadcrumbList\",\"@id\":\"https:\/\/www.kopa.si\/hr\/kolacici\/#breadcrumb\",\"itemListElement\":[{\"@type\":\"ListItem\",\"position\":1,\"name\":\"Home\",\"item\":\"https:\/\/www.kopa.si\/\"},{\"@type\":\"ListItem\",\"position\":2,\"name\":\"Kola\u010di\u0107i\"}]},{\"@type\":\"WebSite\",\"@id\":\"https:\/\/www.kopa.si\/#website\",\"url\":\"https:\/\/www.kopa.si\/\",\"name\":\"Kopa\",\"description\":\"Hi\u0161a bistrih re\u0161itev\",\"publisher\":{\"@id\":\"https:\/\/www.kopa.si\/#organization\"},\"potentialAction\":[{\"@type\":\"SearchAction\",\"target\":{\"@type\":\"EntryPoint\",\"urlTemplate\":\"https:\/\/www.kopa.si\/?s={search_term_string}\"},\"query-input\":{\"@type\":\"PropertyValueSpecification\",\"valueRequired\":true,\"valueName\":\"search_term_string\"}}],\"inLanguage\":\"hr\"},{\"@type\":\"Organization\",\"@id\":\"https:\/\/www.kopa.si\/#organization\",\"name\":\"Kopa d.d.\",\"alternateName\":\"Kopa\",\"url\":\"https:\/\/www.kopa.si\/\",\"logo\":{\"@type\":\"ImageObject\",\"inLanguage\":\"hr\",\"@id\":\"https:\/\/www.kopa.si\/#\/schema\/logo\/image\/\",\"url\":\"https:\/\/www.kopa.si\/wp-content\/uploads\/2024\/11\/kopa_logo_transparent_background.png\",\"contentUrl\":\"https:\/\/www.kopa.si\/wp-content\/uploads\/2024\/11\/kopa_logo_transparent_background.png\",\"width\":250,\"height\":206,\"caption\":\"Kopa d.d.\"},\"image\":{\"@id\":\"https:\/\/www.kopa.si\/#\/schema\/logo\/image\/\"},\"sameAs\":[\"https:\/\/www.facebook.com\/KOPAsolutions\",\"https:\/\/www.instagram.com\/kopa.dd\/\",\"https:\/\/si.linkedin.com\/company\/kopa-dd\",\"https:\/\/www.youtube.com\/@koparacunalniskiinzeniring5112\"]}]}<\/script>\n<!-- \/ Yoast SEO plugin. -->","yoast_head_json":{"title":"Kola\u010di\u0107i - Kopa","robots":{"index":"index","follow":"follow","max-snippet":"max-snippet:-1","max-image-preview":"max-image-preview:large","max-video-preview":"max-video-preview:-1"},"canonical":"https:\/\/www.kopa.si\/hr\/kolacici\/","og_locale":"hr_HR","og_type":"article","og_title":"Kola\u010di\u0107i - Kopa","og_description":"Na\u0161a web stranica koristi kola\u010di\u0107e u svrhu pobolj\u0161anja rada. \u0160to su kola\u010di\u0107i i za\u0161to su...","og_url":"https:\/\/www.kopa.si\/hr\/kolacici\/","og_site_name":"Kopa","article_publisher":"https:\/\/www.facebook.com\/KOPAsolutions","og_image":[{"width":1024,"height":1024,"url":"https:\/\/www.kopa.si\/wp-content\/uploads\/2020\/10\/Piskoti-1024x1024.png","type":"image\/png"}],"twitter_card":"summary_large_image","twitter_misc":{"Procijenjeno vrijeme \u010ditanja":"2 minute"},"schema":{"@context":"https:\/\/schema.org","@graph":[{"@type":"WebPage","@id":"https:\/\/www.kopa.si\/hr\/kolacici\/","url":"https:\/\/www.kopa.si\/hr\/kolacici\/","name":"Kola\u010di\u0107i - Kopa","isPartOf":{"@id":"https:\/\/www.kopa.si\/#website"},"primaryImageOfPage":{"@id":"https:\/\/www.kopa.si\/hr\/kolacici\/#primaryimage"},"image":{"@id":"https:\/\/www.kopa.si\/hr\/kolacici\/#primaryimage"},"thumbnailUrl":"https:\/\/www.kopa.si\/wp-content\/uploads\/2020\/10\/Piskoti.png","datePublished":"2020-06-04T14:44:30+00:00","breadcrumb":{"@id":"https:\/\/www.kopa.si\/hr\/kolacici\/#breadcrumb"},"inLanguage":"hr","potentialAction":[{"@type":"ReadAction","target":["https:\/\/www.kopa.si\/hr\/kolacici\/"]}]},{"@type":"ImageObject","inLanguage":"hr","@id":"https:\/\/www.kopa.si\/hr\/kolacici\/#primaryimage","url":"https:\/\/www.kopa.si\/wp-content\/uploads\/2020\/10\/Piskoti.png","contentUrl":"https:\/\/www.kopa.si\/wp-content\/uploads\/2020\/10\/Piskoti.png","width":1920,"height":1380,"caption":"Pi\u0161kotki"},{"@type":"BreadcrumbList","@id":"https:\/\/www.kopa.si\/hr\/kolacici\/#breadcrumb","itemListElement":[{"@type":"ListItem","position":1,"name":"Home","item":"https:\/\/www.kopa.si\/"},{"@type":"ListItem","position":2,"name":"Kola\u010di\u0107i"}]},{"@type":"WebSite","@id":"https:\/\/www.kopa.si\/#website","url":"https:\/\/www.kopa.si\/","name":"Kopa","description":"Hi\u0161a bistrih re\u0161itev","publisher":{"@id":"https:\/\/www.kopa.si\/#organization"},"potentialAction":[{"@type":"SearchAction","target":{"@type":"EntryPoint","urlTemplate":"https:\/\/www.kopa.si\/?s={search_term_string}"},"query-input":{"@type":"PropertyValueSpecification","valueRequired":true,"valueName":"search_term_string"}}],"inLanguage":"hr"},{"@type":"Organization","@id":"https:\/\/www.kopa.si\/#organization","name":"Kopa d.d.","alternateName":"Kopa","url":"https:\/\/www.kopa.si\/","logo":{"@type":"ImageObject","inLanguage":"hr","@id":"https:\/\/www.kopa.si\/#\/schema\/logo\/image\/","url":"https:\/\/www.kopa.si\/wp-content\/uploads\/2024\/11\/kopa_logo_transparent_background.png","contentUrl":"https:\/\/www.kopa.si\/wp-content\/uploads\/2024\/11\/kopa_logo_transparent_background.png","width":250,"height":206,"caption":"Kopa d.d."},"image":{"@id":"https:\/\/www.kopa.si\/#\/schema\/logo\/image\/"},"sameAs":["https:\/\/www.facebook.com\/KOPAsolutions","https:\/\/www.instagram.com\/kopa.dd\/","https:\/\/si.linkedin.com\/company\/kopa-dd","https:\/\/www.youtube.com\/@koparacunalniskiinzeniring5112"]}]}},"_links":{"self":[{"href":"https:\/\/www.kopa.si\/hr\/wp-json\/wp\/v2\/pages\/12782","targetHints":{"allow":["GET"]}}],"collection":[{"href":"https:\/\/www.kopa.si\/hr\/wp-json\/wp\/v2\/pages"}],"about":[{"href":"https:\/\/www.kopa.si\/hr\/wp-json\/wp\/v2\/types\/page"}],"author":[{"embeddable":true,"href":"https:\/\/www.kopa.si\/hr\/wp-json\/wp\/v2\/users\/4"}],"replies":[{"embeddable":true,"href":"https:\/\/www.kopa.si\/hr\/wp-json\/wp\/v2\/comments?post=12782"}],"version-history":[{"count":0,"href":"https:\/\/www.kopa.si\/hr\/wp-json\/wp\/v2\/pages\/12782\/revisions"}],"wp:featuredmedia":[{"embeddable":true,"href":"https:\/\/www.kopa.si\/hr\/wp-json\/wp\/v2\/media\/12783"}],"wp:attachment":[{"href":"https:\/\/www.kopa.si\/hr\/wp-json\/wp\/v2\/media?parent=12782"}],"curies":[{"name":"wp","href":"https:\/\/api.w.org\/{rel}","templated":true}]}}