{"id":12784,"date":"2020-06-04T16:44:21","date_gmt":"2020-06-04T14:44:21","guid":{"rendered":"https:\/\/www.kopa.si\/uvjeti-poslovanja\/"},"modified":"2020-06-04T16:44:21","modified_gmt":"2020-06-04T14:44:21","slug":"uvjeti-poslovanja","status":"publish","type":"page","link":"https:\/\/www.kopa.si\/hr\/uvjeti-poslovanja\/","title":{"rendered":"Uvjeti poslovanja"},"content":{"rendered":"<p>Dokumenti objavljeni na web stranici KOPA d.d. mogu se reproducirati samo u nekomercijalne svrhe, pri \u010demu moraju zadr\u017eati sva navedena upozorenja o autorskim pravima i ne smiju se prepisivati, reproducirati ili na bilo koji na\u010din \u0161iriti.<\/p>\n<p>KOPA d.d. \u0107e se truditi osigurati najto\u010dnije i najnovije podatke na ovoj web stranici, me\u0111utim KOPA d.d. ne preuzima nikakve garancije u vezi njihove to\u010dnosti. Svi korisnici objavljeni sadr\u017eaj koriste na vlastitu odgovornost. Ni KOPA d.d. niti bilo koja druga pravna ili fizi\u010dka osoba koja je sudjelovala u stvaranju i izradi ovih web stranica ne odgovara za bilo kakvu \u0161tetu koja bi nastala pristupom, uporabom ili nemogu\u0107no\u0161\u0107u kori\u0161tenja informacija na ovim web stranicama ili za bilo kakve pogre\u0161ke ili nedostatke u njihovom sadr\u017eaju.<\/p>\n<p>Copyright \u00a9 2020 KOPA d.d. Sva prava pridr\u017eana.<\/p>\n","protected":false},"excerpt":{"rendered":"<p>Dokumenti objavljeni na web stranici KOPA d.d. mogu se reproducirati samo u nekomercijalne svrhe, pri&#8230;<\/p>\n","protected":false},"author":4,"featured_media":12785,"parent":0,"menu_order":0,"comment_status":"closed","ping_status":"closed","template":"","meta":{"_acf_changed":false,"footnotes":""},"class_list":["post-12784","page","type-page","status-publish","has-post-thumbnail","hentry"],"acf":[],"yoast_head":"<!-- This site is optimized with the Yoast SEO plugin v26.1.1 - https:\/\/yoast.com\/wordpress\/plugins\/seo\/ -->\n<title>Uvjeti poslovanja - Kopa<\/title>\n<meta name=\"robots\" content=\"index, follow, max-snippet:-1, max-image-preview:large, max-video-preview:-1\" \/>\n<link rel=\"canonical\" href=\"https:\/\/www.kopa.si\/hr\/uvjeti-poslovanja\/\" \/>\n<meta property=\"og:locale\" content=\"hr_HR\" \/>\n<meta property=\"og:type\" content=\"article\" \/>\n<meta property=\"og:title\" content=\"Uvjeti poslovanja - Kopa\" \/>\n<meta property=\"og:description\" content=\"Dokumenti objavljeni na web stranici KOPA d.d. mogu se reproducirati samo u nekomercijalne svrhe, pri...\" \/>\n<meta property=\"og:url\" content=\"https:\/\/www.kopa.si\/hr\/uvjeti-poslovanja\/\" \/>\n<meta property=\"og:site_name\" content=\"Kopa\" \/>\n<meta property=\"article:publisher\" content=\"https:\/\/www.facebook.com\/KOPAsolutions\" \/>\n<meta property=\"og:image\" content=\"https:\/\/www.kopa.si\/wp-content\/uploads\/2020\/10\/Pogoji-poslovanja.png\" \/>\n\t<meta property=\"og:image:width\" content=\"960\" \/>\n\t<meta property=\"og:image:height\" content=\"690\" \/>\n\t<meta property=\"og:image:type\" content=\"image\/png\" \/>\n<meta name=\"twitter:card\" content=\"summary_large_image\" \/>\n<meta name=\"twitter:label1\" content=\"Procijenjeno vrijeme \u010ditanja\" \/>\n\t<meta name=\"twitter:data1\" content=\"1 minuta\" \/>\n<script type=\"application\/ld+json\" class=\"yoast-schema-graph\">{\"@context\":\"https:\/\/schema.org\",\"@graph\":[{\"@type\":\"WebPage\",\"@id\":\"https:\/\/www.kopa.si\/hr\/uvjeti-poslovanja\/\",\"url\":\"https:\/\/www.kopa.si\/hr\/uvjeti-poslovanja\/\",\"name\":\"Uvjeti poslovanja - Kopa\",\"isPartOf\":{\"@id\":\"https:\/\/www.kopa.si\/#website\"},\"primaryImageOfPage\":{\"@id\":\"https:\/\/www.kopa.si\/hr\/uvjeti-poslovanja\/#primaryimage\"},\"image\":{\"@id\":\"https:\/\/www.kopa.si\/hr\/uvjeti-poslovanja\/#primaryimage\"},\"thumbnailUrl\":\"https:\/\/www.kopa.si\/wp-content\/uploads\/2020\/10\/Pogoji-poslovanja.png\",\"datePublished\":\"2020-06-04T14:44:21+00:00\",\"breadcrumb\":{\"@id\":\"https:\/\/www.kopa.si\/hr\/uvjeti-poslovanja\/#breadcrumb\"},\"inLanguage\":\"hr\",\"potentialAction\":[{\"@type\":\"ReadAction\",\"target\":[\"https:\/\/www.kopa.si\/hr\/uvjeti-poslovanja\/\"]}]},{\"@type\":\"ImageObject\",\"inLanguage\":\"hr\",\"@id\":\"https:\/\/www.kopa.si\/hr\/uvjeti-poslovanja\/#primaryimage\",\"url\":\"https:\/\/www.kopa.si\/wp-content\/uploads\/2020\/10\/Pogoji-poslovanja.png\",\"contentUrl\":\"https:\/\/www.kopa.si\/wp-content\/uploads\/2020\/10\/Pogoji-poslovanja.png\",\"width\":960,\"height\":690,\"caption\":\"Pogoji poslovanja\"},{\"@type\":\"BreadcrumbList\",\"@id\":\"https:\/\/www.kopa.si\/hr\/uvjeti-poslovanja\/#breadcrumb\",\"itemListElement\":[{\"@type\":\"ListItem\",\"position\":1,\"name\":\"Home\",\"item\":\"https:\/\/www.kopa.si\/\"},{\"@type\":\"ListItem\",\"position\":2,\"name\":\"Uvjeti poslovanja\"}]},{\"@type\":\"WebSite\",\"@id\":\"https:\/\/www.kopa.si\/#website\",\"url\":\"https:\/\/www.kopa.si\/\",\"name\":\"Kopa\",\"description\":\"Hi\u0161a bistrih re\u0161itev\",\"publisher\":{\"@id\":\"https:\/\/www.kopa.si\/#organization\"},\"potentialAction\":[{\"@type\":\"SearchAction\",\"target\":{\"@type\":\"EntryPoint\",\"urlTemplate\":\"https:\/\/www.kopa.si\/?s={search_term_string}\"},\"query-input\":{\"@type\":\"PropertyValueSpecification\",\"valueRequired\":true,\"valueName\":\"search_term_string\"}}],\"inLanguage\":\"hr\"},{\"@type\":\"Organization\",\"@id\":\"https:\/\/www.kopa.si\/#organization\",\"name\":\"Kopa d.d.\",\"alternateName\":\"Kopa\",\"url\":\"https:\/\/www.kopa.si\/\",\"logo\":{\"@type\":\"ImageObject\",\"inLanguage\":\"hr\",\"@id\":\"https:\/\/www.kopa.si\/#\/schema\/logo\/image\/\",\"url\":\"https:\/\/www.kopa.si\/wp-content\/uploads\/2024\/11\/kopa_logo_transparent_background.png\",\"contentUrl\":\"https:\/\/www.kopa.si\/wp-content\/uploads\/2024\/11\/kopa_logo_transparent_background.png\",\"width\":250,\"height\":206,\"caption\":\"Kopa d.d.\"},\"image\":{\"@id\":\"https:\/\/www.kopa.si\/#\/schema\/logo\/image\/\"},\"sameAs\":[\"https:\/\/www.facebook.com\/KOPAsolutions\",\"https:\/\/www.instagram.com\/kopa.dd\/\",\"https:\/\/si.linkedin.com\/company\/kopa-dd\",\"https:\/\/www.youtube.com\/@koparacunalniskiinzeniring5112\"]}]}<\/script>\n<!-- \/ Yoast SEO plugin. -->","yoast_head_json":{"title":"Uvjeti poslovanja - Kopa","robots":{"index":"index","follow":"follow","max-snippet":"max-snippet:-1","max-image-preview":"max-image-preview:large","max-video-preview":"max-video-preview:-1"},"canonical":"https:\/\/www.kopa.si\/hr\/uvjeti-poslovanja\/","og_locale":"hr_HR","og_type":"article","og_title":"Uvjeti poslovanja - Kopa","og_description":"Dokumenti objavljeni na web stranici KOPA d.d. mogu se reproducirati samo u nekomercijalne svrhe, pri...","og_url":"https:\/\/www.kopa.si\/hr\/uvjeti-poslovanja\/","og_site_name":"Kopa","article_publisher":"https:\/\/www.facebook.com\/KOPAsolutions","og_image":[{"width":960,"height":690,"url":"https:\/\/www.kopa.si\/wp-content\/uploads\/2020\/10\/Pogoji-poslovanja.png","type":"image\/png"}],"twitter_card":"summary_large_image","twitter_misc":{"Procijenjeno vrijeme \u010ditanja":"1 minuta"},"schema":{"@context":"https:\/\/schema.org","@graph":[{"@type":"WebPage","@id":"https:\/\/www.kopa.si\/hr\/uvjeti-poslovanja\/","url":"https:\/\/www.kopa.si\/hr\/uvjeti-poslovanja\/","name":"Uvjeti poslovanja - Kopa","isPartOf":{"@id":"https:\/\/www.kopa.si\/#website"},"primaryImageOfPage":{"@id":"https:\/\/www.kopa.si\/hr\/uvjeti-poslovanja\/#primaryimage"},"image":{"@id":"https:\/\/www.kopa.si\/hr\/uvjeti-poslovanja\/#primaryimage"},"thumbnailUrl":"https:\/\/www.kopa.si\/wp-content\/uploads\/2020\/10\/Pogoji-poslovanja.png","datePublished":"2020-06-04T14:44:21+00:00","breadcrumb":{"@id":"https:\/\/www.kopa.si\/hr\/uvjeti-poslovanja\/#breadcrumb"},"inLanguage":"hr","potentialAction":[{"@type":"ReadAction","target":["https:\/\/www.kopa.si\/hr\/uvjeti-poslovanja\/"]}]},{"@type":"ImageObject","inLanguage":"hr","@id":"https:\/\/www.kopa.si\/hr\/uvjeti-poslovanja\/#primaryimage","url":"https:\/\/www.kopa.si\/wp-content\/uploads\/2020\/10\/Pogoji-poslovanja.png","contentUrl":"https:\/\/www.kopa.si\/wp-content\/uploads\/2020\/10\/Pogoji-poslovanja.png","width":960,"height":690,"caption":"Pogoji poslovanja"},{"@type":"BreadcrumbList","@id":"https:\/\/www.kopa.si\/hr\/uvjeti-poslovanja\/#breadcrumb","itemListElement":[{"@type":"ListItem","position":1,"name":"Home","item":"https:\/\/www.kopa.si\/"},{"@type":"ListItem","position":2,"name":"Uvjeti poslovanja"}]},{"@type":"WebSite","@id":"https:\/\/www.kopa.si\/#website","url":"https:\/\/www.kopa.si\/","name":"Kopa","description":"Hi\u0161a bistrih re\u0161itev","publisher":{"@id":"https:\/\/www.kopa.si\/#organization"},"potentialAction":[{"@type":"SearchAction","target":{"@type":"EntryPoint","urlTemplate":"https:\/\/www.kopa.si\/?s={search_term_string}"},"query-input":{"@type":"PropertyValueSpecification","valueRequired":true,"valueName":"search_term_string"}}],"inLanguage":"hr"},{"@type":"Organization","@id":"https:\/\/www.kopa.si\/#organization","name":"Kopa d.d.","alternateName":"Kopa","url":"https:\/\/www.kopa.si\/","logo":{"@type":"ImageObject","inLanguage":"hr","@id":"https:\/\/www.kopa.si\/#\/schema\/logo\/image\/","url":"https:\/\/www.kopa.si\/wp-content\/uploads\/2024\/11\/kopa_logo_transparent_background.png","contentUrl":"https:\/\/www.kopa.si\/wp-content\/uploads\/2024\/11\/kopa_logo_transparent_background.png","width":250,"height":206,"caption":"Kopa d.d."},"image":{"@id":"https:\/\/www.kopa.si\/#\/schema\/logo\/image\/"},"sameAs":["https:\/\/www.facebook.com\/KOPAsolutions","https:\/\/www.instagram.com\/kopa.dd\/","https:\/\/si.linkedin.com\/company\/kopa-dd","https:\/\/www.youtube.com\/@koparacunalniskiinzeniring5112"]}]}},"_links":{"self":[{"href":"https:\/\/www.kopa.si\/hr\/wp-json\/wp\/v2\/pages\/12784","targetHints":{"allow":["GET"]}}],"collection":[{"href":"https:\/\/www.kopa.si\/hr\/wp-json\/wp\/v2\/pages"}],"about":[{"href":"https:\/\/www.kopa.si\/hr\/wp-json\/wp\/v2\/types\/page"}],"author":[{"embeddable":true,"href":"https:\/\/www.kopa.si\/hr\/wp-json\/wp\/v2\/users\/4"}],"replies":[{"embeddable":true,"href":"https:\/\/www.kopa.si\/hr\/wp-json\/wp\/v2\/comments?post=12784"}],"version-history":[{"count":0,"href":"https:\/\/www.kopa.si\/hr\/wp-json\/wp\/v2\/pages\/12784\/revisions"}],"wp:featuredmedia":[{"embeddable":true,"href":"https:\/\/www.kopa.si\/hr\/wp-json\/wp\/v2\/media\/12785"}],"wp:attachment":[{"href":"https:\/\/www.kopa.si\/hr\/wp-json\/wp\/v2\/media?parent=12784"}],"curies":[{"name":"wp","href":"https:\/\/api.w.org\/{rel}","templated":true}]}}